{"id":11,"date":"2010-07-06T14:26:12","date_gmt":"2010-07-06T14:26:12","guid":{"rendered":"http:\/\/nautic.dosmasdos.com\/web\/?page_id=11"},"modified":"2010-07-06T14:26:27","modified_gmt":"2010-07-06T14:26:27","slug":"reservas","status":"publish","type":"page","link":"http:\/\/nauticsoft.es\/web\/?page_id=11","title":{"rendered":"Reservas"},"content":{"rendered":"<p>El modulo de reservas permite al operador administrar las reservas.  El modulo de reserva permite un modulo \u201cblando\u201d y otro \u201cduro\u201d permitiendo distinguir las reservas sin confirmar de aquellas que ya deben de disponer de plaza, hora exacta de entrada y otros servicios adicionales de los que tuviera que disponer. El sistema permitir\u00e1 conocer las fechas de llegada y salida, imprimir informes de reservas, lista de espera, \u2026 Tambi\u00e9n permitir\u00e1 conocer la disponibilidad de plazas en funci\u00f3n de las caracter\u00edsticas requeridas: fechas, eslora, necesidades de espacio o equipamiento, etc.<\/p>\n","protected":false},"excerpt":{"rendered":"<p>El modulo de reservas permite al operador administrar las reservas. El modulo de reserva permite un modulo \u201cblando\u201d y otro \u201cduro\u201d permitiendo distinguir las reservas sin confirmar de aquellas que ya deben de disponer de plaza, hora exacta de entrada &hellip; <a href=\"http:\/\/nauticsoft.es\/web\/?page_id=11\">Sigue leyendo <span class=\"meta-nav\">&rarr;<\/span><\/a><\/p>\n","protected":false},"author":2,"featured_media":0,"parent":0,"menu_order":3,"comment_status":"open","ping_status":"open","template":"","meta":[],"_links":{"self":[{"href":"http:\/\/nauticsoft.es\/web\/index.php?rest_route=\/wp\/v2\/pages\/11"}],"collection":[{"href":"http:\/\/nauticsoft.es\/web\/index.php?rest_route=\/wp\/v2\/pages"}],"about":[{"href":"http:\/\/nauticsoft.es\/web\/index.php?rest_route=\/wp\/v2\/types\/page"}],"author":[{"embeddable":true,"href":"http:\/\/nauticsoft.es\/web\/index.php?rest_route=\/wp\/v2\/users\/2"}],"replies":[{"embeddable":true,"href":"http:\/\/nauticsoft.es\/web\/index.php?rest_route=%2Fwp%2Fv2%2Fcomments&post=11"}],"version-history":[{"count":3,"href":"http:\/\/nauticsoft.es\/web\/index.php?rest_route=\/wp\/v2\/pages\/11\/revisions"}],"predecessor-version":[{"id":14,"href":"http:\/\/nauticsoft.es\/web\/index.php?rest_route=\/wp\/v2\/pages\/11\/revisions\/14"}],"wp:attachment":[{"href":"http:\/\/nauticsoft.es\/web\/index.php?rest_route=%2Fwp%2Fv2%2Fmedia&parent=11"}],"curies":[{"name":"wp","href":"https:\/\/api.w.org\/{rel}","templated":true}]}}