{"id":15,"date":"2010-07-06T14:26:45","date_gmt":"2010-07-06T14:26:45","guid":{"rendered":"http:\/\/nautic.dosmasdos.com\/web\/?page_id=15"},"modified":"2010-07-06T14:26:45","modified_gmt":"2010-07-06T14:26:45","slug":"alquiler","status":"publish","type":"page","link":"http:\/\/nauticsoft.es\/web\/?page_id=15","title":{"rendered":"Alquiler"},"content":{"rendered":"<p>Se provee un modulo avanzado de alquiler, simplificando el proceso de alquiler de botes, equipamiento o de cualquier otro elemento. La aplicaci\u00f3n permite, de manera sencilla y visual, conocer el estado y la planificaci\u00f3n de alquileres de todos los elementos de la marina. Adem\u00e1s permite el tarificado en funci\u00f3n de diferentes periodos de tiempo: por minuto, por hora por semana o por mes el sistema calcular\u00e1 la tarifa correcta a aplicar.<\/p>\n","protected":false},"excerpt":{"rendered":"<p>Se provee un modulo avanzado de alquiler, simplificando el proceso de alquiler de botes, equipamiento o de cualquier otro elemento. La aplicaci\u00f3n permite, de manera sencilla y visual, conocer el estado y la planificaci\u00f3n de alquileres de todos los elementos &hellip; <a href=\"http:\/\/nauticsoft.es\/web\/?page_id=15\">Sigue leyendo <span class=\"meta-nav\">&rarr;<\/span><\/a><\/p>\n","protected":false},"author":2,"featured_media":0,"parent":0,"menu_order":4,"comment_status":"open","ping_status":"open","template":"","meta":[],"_links":{"self":[{"href":"http:\/\/nauticsoft.es\/web\/index.php?rest_route=\/wp\/v2\/pages\/15"}],"collection":[{"href":"http:\/\/nauticsoft.es\/web\/index.php?rest_route=\/wp\/v2\/pages"}],"about":[{"href":"http:\/\/nauticsoft.es\/web\/index.php?rest_route=\/wp\/v2\/types\/page"}],"author":[{"embeddable":true,"href":"http:\/\/nauticsoft.es\/web\/index.php?rest_route=\/wp\/v2\/users\/2"}],"replies":[{"embeddable":true,"href":"http:\/\/nauticsoft.es\/web\/index.php?rest_route=%2Fwp%2Fv2%2Fcomments&post=15"}],"version-history":[{"count":1,"href":"http:\/\/nauticsoft.es\/web\/index.php?rest_route=\/wp\/v2\/pages\/15\/revisions"}],"predecessor-version":[{"id":16,"href":"http:\/\/nauticsoft.es\/web\/index.php?rest_route=\/wp\/v2\/pages\/15\/revisions\/16"}],"wp:attachment":[{"href":"http:\/\/nauticsoft.es\/web\/index.php?rest_route=%2Fwp%2Fv2%2Fmedia&parent=15"}],"curies":[{"name":"wp","href":"https:\/\/api.w.org\/{rel}","templated":true}]}}