{"id":5,"date":"2010-07-06T14:24:58","date_gmt":"2010-07-06T14:24:58","guid":{"rendered":"http:\/\/nautic.dosmasdos.com\/web\/?page_id=5"},"modified":"2010-07-06T14:24:58","modified_gmt":"2010-07-06T14:24:58","slug":"nautic","status":"publish","type":"page","link":"http:\/\/nauticsoft.es\/web\/?page_id=5","title":{"rendered":"Nautic"},"content":{"rendered":"<p>Nautic permite la gesti\u00f3n de:<\/p>\n<ul>\n<li>Socios.<\/li>\n<li>Embarcaciones.<\/li>\n<li>Plazas de Amarre y configuraci\u00f3n de las mismas.<\/li>\n<li>Personal Propio<\/li>\n<li>\u00c1reas de Negocio<\/li>\n<li>Material disponible, tanto para alquiler al p\u00fablico como para la reparaci\u00f3n y utilizaci\u00f3n por parte del personal.<\/li>\n<\/ul>\n","protected":false},"excerpt":{"rendered":"<p>Nautic permite la gesti\u00f3n de: Socios. Embarcaciones. Plazas de Amarre y configuraci\u00f3n de las mismas. Personal Propio \u00c1reas de Negocio Material disponible, tanto para alquiler al p\u00fablico como para la reparaci\u00f3n y utilizaci\u00f3n por parte del personal.<\/p>\n","protected":false},"author":2,"featured_media":0,"parent":0,"menu_order":1,"comment_status":"open","ping_status":"open","template":"","meta":[],"_links":{"self":[{"href":"http:\/\/nauticsoft.es\/web\/index.php?rest_route=\/wp\/v2\/pages\/5"}],"collection":[{"href":"http:\/\/nauticsoft.es\/web\/index.php?rest_route=\/wp\/v2\/pages"}],"about":[{"href":"http:\/\/nauticsoft.es\/web\/index.php?rest_route=\/wp\/v2\/types\/page"}],"author":[{"embeddable":true,"href":"http:\/\/nauticsoft.es\/web\/index.php?rest_route=\/wp\/v2\/users\/2"}],"replies":[{"embeddable":true,"href":"http:\/\/nauticsoft.es\/web\/index.php?rest_route=%2Fwp%2Fv2%2Fcomments&post=5"}],"version-history":[{"count":1,"href":"http:\/\/nauticsoft.es\/web\/index.php?rest_route=\/wp\/v2\/pages\/5\/revisions"}],"predecessor-version":[{"id":6,"href":"http:\/\/nauticsoft.es\/web\/index.php?rest_route=\/wp\/v2\/pages\/5\/revisions\/6"}],"wp:attachment":[{"href":"http:\/\/nauticsoft.es\/web\/index.php?rest_route=%2Fwp%2Fv2%2Fmedia&parent=5"}],"curies":[{"name":"wp","href":"https:\/\/api.w.org\/{rel}","templated":true}]}}